{"id":4703,"date":"2025-02-25T15:05:45","date_gmt":"2025-02-25T15:05:45","guid":{"rendered":"https:\/\/amore-amore.ch\/?page_id=4703"},"modified":"2025-02-25T17:58:23","modified_gmt":"2025-02-25T17:58:23","slug":"conditions-dutilisation","status":"publish","type":"page","link":"https:\/\/amore-amore.ch\/en\/conditions-dutilisation\/","title":{"rendered":"Conditions d&#8217;utilisation"},"content":{"rendered":"<div data-elementor-type=\"wp-page\" data-elementor-id=\"4703\" class=\"elementor elementor-4703\" data-elementor-post-type=\"page\">\n\t\t\t\t<div class=\"elementor-element elementor-element-5d29e15 e-flex e-con-boxed e-con e-parent\" data-id=\"5d29e15\" data-element_type=\"container\" data-settings=\"{&quot;background_background&quot;:&quot;classic&quot;}\">\n\t\t\t\t\t<div class=\"e-con-inner\">\n\t\t\t\t<div class=\"elementor-element elementor-element-1061ab6 elementor-widget elementor-widget-heading\" data-id=\"1061ab6\" data-element_type=\"widget\" data-widget_type=\"heading.default\">\n\t\t\t\t<div class=\"elementor-widget-container\">\n\t\t\t\t\t<h2 class=\"elementor-heading-title elementor-size-default\">Terms of use<\/h2>\t\t\t\t<\/div>\n\t\t\t\t<\/div>\n\t\t\t\t<div class=\"elementor-element elementor-element-f523e37 elementor-widget elementor-widget-text-editor\" data-id=\"f523e37\" data-element_type=\"widget\" data-widget_type=\"text-editor.default\">\n\t\t\t\t<div class=\"elementor-widget-container\">\n\t\t\t\t\t\t\t\t\t<p>Last update : 25.03.2025<br \/>Welcome to the Amore Amore website. By accessing and using this Site, you accept fully and unconditionally these Terms of Use. If you do not agree to these Terms, please do not use the Site.<\/p>\t\t\t\t\t\t\t\t<\/div>\n\t\t\t\t<\/div>\n\t\t\t\t<div class=\"elementor-element elementor-element-177853e elementor-widget elementor-widget-heading\" data-id=\"177853e\" data-element_type=\"widget\" data-widget_type=\"heading.default\">\n\t\t\t\t<div class=\"elementor-widget-container\">\n\t\t\t\t\t<h2 class=\"elementor-heading-title elementor-size-default\">1. Purpose of the Site <\/h2>\t\t\t\t<\/div>\n\t\t\t\t<\/div>\n\t\t\t\t<div class=\"elementor-element elementor-element-d2af426 elementor-widget elementor-widget-text-editor\" data-id=\"d2af426\" data-element_type=\"widget\" data-widget_type=\"text-editor.default\">\n\t\t\t\t<div class=\"elementor-widget-container\">\n\t\t\t\t\t\t\t\t\tThe purpose of the Site is to present the world, services and offers of the Amore Amore restaurant. Any use of the Site must comply with these Terms.\n\t\t\t\t\t\t\t\t<\/div>\n\t\t\t\t<\/div>\n\t\t\t\t<div class=\"elementor-element elementor-element-465e270 elementor-widget elementor-widget-heading\" data-id=\"465e270\" data-element_type=\"widget\" data-widget_type=\"heading.default\">\n\t\t\t\t<div class=\"elementor-widget-container\">\n\t\t\t\t\t<h2 class=\"elementor-heading-title elementor-size-default\">2. Access to and use of the Site<\/h2>\t\t\t\t<\/div>\n\t\t\t\t<\/div>\n\t\t\t\t<div class=\"elementor-element elementor-element-5c7d7f9 elementor-widget elementor-widget-text-editor\" data-id=\"5c7d7f9\" data-element_type=\"widget\" data-widget_type=\"text-editor.default\">\n\t\t\t\t<div class=\"elementor-widget-container\">\n\t\t\t\t\t\t\t\t\tAccess to the Site is free of charge. The user undertakes not to disrupt its proper operation and not to use it for fraudulent or illicit purposes.\n\t\t\t\t\t\t\t\t<\/div>\n\t\t\t\t<\/div>\n\t\t\t\t<div class=\"elementor-element elementor-element-5d21da8 elementor-widget elementor-widget-heading\" data-id=\"5d21da8\" data-element_type=\"widget\" data-widget_type=\"heading.default\">\n\t\t\t\t<div class=\"elementor-widget-container\">\n\t\t\t\t\t<h2 class=\"elementor-heading-title elementor-size-default\">3.Intellectual property<\/h2>\t\t\t\t<\/div>\n\t\t\t\t<\/div>\n\t\t\t\t<div class=\"elementor-element elementor-element-7a70e8f elementor-widget elementor-widget-text-editor\" data-id=\"7a70e8f\" data-element_type=\"widget\" data-widget_type=\"text-editor.default\">\n\t\t\t\t<div class=\"elementor-widget-container\">\n\t\t\t\t\t\t\t\t\t All content on the Site (text, images, videos, logos, design, etc.) is protected by intellectual property law and is the exclusive property of Amore Amore or its partners. Any reproduction, modification or use without prior authorization is strictly forbidden.\n\t\t\t\t\t\t\t\t<\/div>\n\t\t\t\t<\/div>\n\t\t\t\t<div class=\"elementor-element elementor-element-a2458d0 elementor-widget elementor-widget-heading\" data-id=\"a2458d0\" data-element_type=\"widget\" data-widget_type=\"heading.default\">\n\t\t\t\t<div class=\"elementor-widget-container\">\n\t\t\t\t\t<h2 class=\"elementor-heading-title elementor-size-default\">4. Liability<\/h2>\t\t\t\t<\/div>\n\t\t\t\t<\/div>\n\t\t\t\t<div class=\"elementor-element elementor-element-e93eaa6 elementor-widget elementor-widget-text-editor\" data-id=\"e93eaa6\" data-element_type=\"widget\" data-widget_type=\"text-editor.default\">\n\t\t\t\t<div class=\"elementor-widget-container\">\n\t\t\t\t\t\t\t\t\t Amore Amore makes every effort to ensure the accuracy of the information on the Site, but cannot be held responsible for errors, omissions or temporary unavailability of the Site. Users acknowledge that they use the Site under their sole responsibility.\n\t\t\t\t\t\t\t\t<\/div>\n\t\t\t\t<\/div>\n\t\t\t\t<div class=\"elementor-element elementor-element-d0bfe33 elementor-widget elementor-widget-heading\" data-id=\"d0bfe33\" data-element_type=\"widget\" data-widget_type=\"heading.default\">\n\t\t\t\t<div class=\"elementor-widget-container\">\n\t\t\t\t\t<h2 class=\"elementor-heading-title elementor-size-default\">5.External links<\/h2>\t\t\t\t<\/div>\n\t\t\t\t<\/div>\n\t\t\t\t<div class=\"elementor-element elementor-element-c30483f elementor-widget elementor-widget-text-editor\" data-id=\"c30483f\" data-element_type=\"widget\" data-widget_type=\"text-editor.default\">\n\t\t\t\t<div class=\"elementor-widget-container\">\n\t\t\t\t\t\t\t\t\t The Site may contain links to third-party sites. Amore Amore has no control over these sites and declines all responsibility for their content.\n\t\t\t\t\t\t\t\t<\/div>\n\t\t\t\t<\/div>\n\t\t\t\t<div class=\"elementor-element elementor-element-83df852 elementor-widget elementor-widget-heading\" data-id=\"83df852\" data-element_type=\"widget\" data-widget_type=\"heading.default\">\n\t\t\t\t<div class=\"elementor-widget-container\">\n\t\t\t\t\t<h2 class=\"elementor-heading-title elementor-size-default\">6.Personal data<\/h2>\t\t\t\t<\/div>\n\t\t\t\t<\/div>\n\t\t\t\t<div class=\"elementor-element elementor-element-67c8ca4 elementor-widget elementor-widget-text-editor\" data-id=\"67c8ca4\" data-element_type=\"widget\" data-widget_type=\"text-editor.default\">\n\t\t\t\t<div class=\"elementor-widget-container\">\n\t\t\t\t\t\t\t\t\t Use of the Site may involve the collection and processing of personal data. For more information, please consult our [Privacy Policy].\n\t\t\t\t\t\t\t\t<\/div>\n\t\t\t\t<\/div>\n\t\t\t\t<div class=\"elementor-element elementor-element-023a3bc elementor-widget elementor-widget-heading\" data-id=\"023a3bc\" data-element_type=\"widget\" data-widget_type=\"heading.default\">\n\t\t\t\t<div class=\"elementor-widget-container\">\n\t\t\t\t\t<h2 class=\"elementor-heading-title elementor-size-default\">7. Modification of Terms<\/h2>\t\t\t\t<\/div>\n\t\t\t\t<\/div>\n\t\t\t\t<div class=\"elementor-element elementor-element-258e308 elementor-widget elementor-widget-text-editor\" data-id=\"258e308\" data-element_type=\"widget\" data-widget_type=\"text-editor.default\">\n\t\t\t\t<div class=\"elementor-widget-container\">\n\t\t\t\t\t\t\t\t\t Amore Amore reserves the right to modify these Terms at any time. Users are advised to consult them regularly.\n\t\t\t\t\t\t\t\t<\/div>\n\t\t\t\t<\/div>\n\t\t\t\t<div class=\"elementor-element elementor-element-3c014c3 elementor-widget elementor-widget-heading\" data-id=\"3c014c3\" data-element_type=\"widget\" data-widget_type=\"heading.default\">\n\t\t\t\t<div class=\"elementor-widget-container\">\n\t\t\t\t\t<h2 class=\"elementor-heading-title elementor-size-default\">8. Applicable law and jurisdiction<\/h2>\t\t\t\t<\/div>\n\t\t\t\t<\/div>\n\t\t\t\t<div class=\"elementor-element elementor-element-a9eee16 elementor-widget elementor-widget-text-editor\" data-id=\"a9eee16\" data-element_type=\"widget\" data-widget_type=\"text-editor.default\">\n\t\t\t\t<div class=\"elementor-widget-container\">\n\t\t\t\t\t\t\t\t\t<p>These Terms are governed by Swiss law. In the event of a dispute, the competent courts are those of the Canton of Geneva.<br \/><b>Contact<\/b> Contact If you have any questions about these Conditions, please contact us.<br \/><br \/>Data controller: Size SA<br \/><a href=\"mailto:hello@size.swiss\">hello@size.swiss<\/a><br \/>Address: Rue du Rh\u00f4ne 50, 1204 Geneva - Switzerland<\/p>\t\t\t\t\t\t\t\t<\/div>\n\t\t\t\t<\/div>\n\t\t\t\t\t<\/div>\n\t\t\t\t<\/div>\n\t\t\t\t<\/div>","protected":false},"excerpt":{"rendered":"<p>Conditions d&#8217;utilisation Derni\u00e8re mise \u00e0 jour : 25.03.2025Bienvenue sur le site web d\u2019Amore Amore. En acc\u00e9dant et en utilisant ce Site, vous acceptez pleinement et sans r\u00e9serve les pr\u00e9sentes conditions d&#8217;utilisation. Si vous n&#8217;acceptez pas ces Conditions, veuillez ne pas utiliser le Site. 1. Objet du Site Le Site a pour vocation de pr\u00e9senter l\u2019univers, [&hellip;]<\/p>","protected":false},"author":1,"featured_media":0,"parent":0,"menu_order":0,"comment_status":"closed","ping_status":"closed","template":"elementor_header_footer","meta":{"_acf_changed":false,"footnotes":""},"class_list":["post-4703","page","type-page","status-publish","hentry"],"acf":[],"yoast_head":"<!-- This site is optimized with the Yoast SEO plugin v26.4 - https:\/\/yoast.com\/wordpress\/plugins\/seo\/ -->\n<title>Conditions d&#039;utilisation - Amore Amore<\/title>\n<meta name=\"robots\" content=\"index, follow, max-snippet:-1, max-image-preview:large, max-video-preview:-1\" \/>\n<link rel=\"canonical\" href=\"https:\/\/amore-amore.ch\/en\/conditions-dutilisation\/\" \/>\n<meta property=\"og:locale\" content=\"en_US\" \/>\n<meta property=\"og:type\" content=\"article\" \/>\n<meta property=\"og:title\" content=\"Conditions d&#039;utilisation - Amore Amore\" \/>\n<meta property=\"og:description\" content=\"Conditions d&#8217;utilisation Derni\u00e8re mise \u00e0 jour : 25.03.2025Bienvenue sur le site web d\u2019Amore Amore. En acc\u00e9dant et en utilisant ce Site, vous acceptez pleinement et sans r\u00e9serve les pr\u00e9sentes conditions d&#8217;utilisation. Si vous n&#8217;acceptez pas ces Conditions, veuillez ne pas utiliser le Site. 1. Objet du Site Le Site a pour vocation de pr\u00e9senter l\u2019univers, [&hellip;]\" \/>\n<meta property=\"og:url\" content=\"https:\/\/amore-amore.ch\/en\/conditions-dutilisation\/\" \/>\n<meta property=\"og:site_name\" content=\"Amore Amore\" \/>\n<meta property=\"article:modified_time\" content=\"2025-02-25T17:58:23+00:00\" \/>\n<meta name=\"twitter:card\" content=\"summary_large_image\" \/>\n<meta name=\"twitter:label1\" content=\"Est. reading time\" \/>\n\t<meta name=\"twitter:data1\" content=\"2 minutes\" \/>\n<script type=\"application\/ld+json\" class=\"yoast-schema-graph\">{\"@context\":\"https:\/\/schema.org\",\"@graph\":[{\"@type\":\"WebPage\",\"@id\":\"https:\/\/amore-amore.ch\/conditions-dutilisation\/\",\"url\":\"https:\/\/amore-amore.ch\/conditions-dutilisation\/\",\"name\":\"Conditions d'utilisation - Amore Amore\",\"isPartOf\":{\"@id\":\"https:\/\/amore-amore.ch\/#website\"},\"datePublished\":\"2025-02-25T15:05:45+00:00\",\"dateModified\":\"2025-02-25T17:58:23+00:00\",\"breadcrumb\":{\"@id\":\"https:\/\/amore-amore.ch\/conditions-dutilisation\/#breadcrumb\"},\"inLanguage\":\"en-US\",\"potentialAction\":[{\"@type\":\"ReadAction\",\"target\":[\"https:\/\/amore-amore.ch\/conditions-dutilisation\/\"]}]},{\"@type\":\"BreadcrumbList\",\"@id\":\"https:\/\/amore-amore.ch\/conditions-dutilisation\/#breadcrumb\",\"itemListElement\":[{\"@type\":\"ListItem\",\"position\":1,\"name\":\"Home\",\"item\":\"https:\/\/amore-amore.ch\/\"},{\"@type\":\"ListItem\",\"position\":2,\"name\":\"Conditions d&#8217;utilisation\"}]},{\"@type\":\"WebSite\",\"@id\":\"https:\/\/amore-amore.ch\/#website\",\"url\":\"https:\/\/amore-amore.ch\/\",\"name\":\"Amore Amore\",\"description\":\"Le meilleur de l&#039;Italie \u00e0 Gen\u00e8ve | Restaurant &amp; Trattoria Festive\",\"publisher\":{\"@id\":\"https:\/\/amore-amore.ch\/#organization\"},\"potentialAction\":[{\"@type\":\"SearchAction\",\"target\":{\"@type\":\"EntryPoint\",\"urlTemplate\":\"https:\/\/amore-amore.ch\/?s={search_term_string}\"},\"query-input\":{\"@type\":\"PropertyValueSpecification\",\"valueRequired\":true,\"valueName\":\"search_term_string\"}}],\"inLanguage\":\"en-US\"},{\"@type\":\"Organization\",\"@id\":\"https:\/\/amore-amore.ch\/#organization\",\"name\":\"Amore Amore\",\"url\":\"https:\/\/amore-amore.ch\/\",\"logo\":{\"@type\":\"ImageObject\",\"inLanguage\":\"en-US\",\"@id\":\"https:\/\/amore-amore.ch\/#\/schema\/logo\/image\/\",\"url\":\"https:\/\/amore-amore.ch\/wp-content\/uploads\/2025\/02\/szh_m_amore_logo_blanc.webp\",\"contentUrl\":\"https:\/\/amore-amore.ch\/wp-content\/uploads\/2025\/02\/szh_m_amore_logo_blanc.webp\",\"width\":483,\"height\":165,\"caption\":\"Amore Amore\"},\"image\":{\"@id\":\"https:\/\/amore-amore.ch\/#\/schema\/logo\/image\/\"}}]}<\/script>\n<!-- \/ Yoast SEO plugin. -->","yoast_head_json":{"title":"Conditions d'utilisation - Amore Amore","robots":{"index":"index","follow":"follow","max-snippet":"max-snippet:-1","max-image-preview":"max-image-preview:large","max-video-preview":"max-video-preview:-1"},"canonical":"https:\/\/amore-amore.ch\/en\/conditions-dutilisation\/","og_locale":"en_US","og_type":"article","og_title":"Conditions d'utilisation - Amore Amore","og_description":"Conditions d&#8217;utilisation Derni\u00e8re mise \u00e0 jour : 25.03.2025Bienvenue sur le site web d\u2019Amore Amore. En acc\u00e9dant et en utilisant ce Site, vous acceptez pleinement et sans r\u00e9serve les pr\u00e9sentes conditions d&#8217;utilisation. Si vous n&#8217;acceptez pas ces Conditions, veuillez ne pas utiliser le Site. 1. Objet du Site Le Site a pour vocation de pr\u00e9senter l\u2019univers, [&hellip;]","og_url":"https:\/\/amore-amore.ch\/en\/conditions-dutilisation\/","og_site_name":"Amore Amore","article_modified_time":"2025-02-25T17:58:23+00:00","twitter_card":"summary_large_image","twitter_misc":{"Est. reading time":"2 minutes"},"schema":{"@context":"https:\/\/schema.org","@graph":[{"@type":"WebPage","@id":"https:\/\/amore-amore.ch\/conditions-dutilisation\/","url":"https:\/\/amore-amore.ch\/conditions-dutilisation\/","name":"Conditions d'utilisation - Amore Amore","isPartOf":{"@id":"https:\/\/amore-amore.ch\/#website"},"datePublished":"2025-02-25T15:05:45+00:00","dateModified":"2025-02-25T17:58:23+00:00","breadcrumb":{"@id":"https:\/\/amore-amore.ch\/conditions-dutilisation\/#breadcrumb"},"inLanguage":"en-US","potentialAction":[{"@type":"ReadAction","target":["https:\/\/amore-amore.ch\/conditions-dutilisation\/"]}]},{"@type":"BreadcrumbList","@id":"https:\/\/amore-amore.ch\/conditions-dutilisation\/#breadcrumb","itemListElement":[{"@type":"ListItem","position":1,"name":"Home","item":"https:\/\/amore-amore.ch\/"},{"@type":"ListItem","position":2,"name":"Conditions d&#8217;utilisation"}]},{"@type":"WebSite","@id":"https:\/\/amore-amore.ch\/#website","url":"https:\/\/amore-amore.ch\/","name":"Amore Amore","description":"Le meilleur de l&#039;Italie \u00e0 Gen\u00e8ve | Restaurant &amp; Trattoria Festive","publisher":{"@id":"https:\/\/amore-amore.ch\/#organization"},"potentialAction":[{"@type":"SearchAction","target":{"@type":"EntryPoint","urlTemplate":"https:\/\/amore-amore.ch\/?s={search_term_string}"},"query-input":{"@type":"PropertyValueSpecification","valueRequired":true,"valueName":"search_term_string"}}],"inLanguage":"en-US"},{"@type":"Organization","@id":"https:\/\/amore-amore.ch\/#organization","name":"Amore Amore","url":"https:\/\/amore-amore.ch\/","logo":{"@type":"ImageObject","inLanguage":"en-US","@id":"https:\/\/amore-amore.ch\/#\/schema\/logo\/image\/","url":"https:\/\/amore-amore.ch\/wp-content\/uploads\/2025\/02\/szh_m_amore_logo_blanc.webp","contentUrl":"https:\/\/amore-amore.ch\/wp-content\/uploads\/2025\/02\/szh_m_amore_logo_blanc.webp","width":483,"height":165,"caption":"Amore Amore"},"image":{"@id":"https:\/\/amore-amore.ch\/#\/schema\/logo\/image\/"}}]}},"_links":{"self":[{"href":"https:\/\/amore-amore.ch\/en\/wp-json\/wp\/v2\/pages\/4703","targetHints":{"allow":["GET"]}}],"collection":[{"href":"https:\/\/amore-amore.ch\/en\/wp-json\/wp\/v2\/pages"}],"about":[{"href":"https:\/\/amore-amore.ch\/en\/wp-json\/wp\/v2\/types\/page"}],"author":[{"embeddable":true,"href":"https:\/\/amore-amore.ch\/en\/wp-json\/wp\/v2\/users\/1"}],"replies":[{"embeddable":true,"href":"https:\/\/amore-amore.ch\/en\/wp-json\/wp\/v2\/comments?post=4703"}],"version-history":[{"count":41,"href":"https:\/\/amore-amore.ch\/en\/wp-json\/wp\/v2\/pages\/4703\/revisions"}],"predecessor-version":[{"id":4906,"href":"https:\/\/amore-amore.ch\/en\/wp-json\/wp\/v2\/pages\/4703\/revisions\/4906"}],"wp:attachment":[{"href":"https:\/\/amore-amore.ch\/en\/wp-json\/wp\/v2\/media?parent=4703"}],"curies":[{"name":"wp","href":"https:\/\/api.w.org\/{rel}","templated":true}]}}